{"id":52,"date":"2018-05-08T19:59:12","date_gmt":"2018-05-08T19:59:12","guid":{"rendered":"http:\/\/pizzeriaramzes.pl\/?page_id=52"},"modified":"2025-04-03T09:27:31","modified_gmt":"2025-04-03T09:27:31","slug":"menu-2","status":"publish","type":"page","link":"https:\/\/pizzeriaramzes.pl\/?page_id=52","title":{"rendered":"Menu"},"content":{"rendered":"<h2 style=\"text-align: center;\"><img loading=\"lazy\" decoding=\"async\" class=\"alignnone wp-image-421 size-full\" src=\"http:\/\/pizzeriaramzes.pl\/wp-content\/uploads\/2025\/04\/menu_2025.png\" alt=\"\" width=\"700\" height=\"641\" srcset=\"https:\/\/pizzeriaramzes.pl\/wp-content\/uploads\/2025\/04\/menu_2025.png 700w, https:\/\/pizzeriaramzes.pl\/wp-content\/uploads\/2025\/04\/menu_2025-300x275.png 300w\" sizes=\"auto, (max-width: 700px) 100vw, 700px\" \/><\/h2>\n<h2>&nbsp;<\/h2>\n<h2 style=\"text-align: center;\">GOR\u0104CE POSI\u0141KI<\/h2>\n<p>&nbsp;<\/p>\n<p>&nbsp;<\/p>\n<table class=\"tabela-menu\" style=\"height: 96px;\">\n<tbody>\n<tr class=\"pozycja-tabela\" style=\"height: 24px;\">\n<td style=\"height: 24px;\"><strong>Strips Ma\u0142y 10szt.<\/strong><\/td>\n<td style=\"text-align: right; height: 24px;\"><strong>34,00<\/strong><\/td>\n<\/tr>\n<tr class=\"pozycja-tabela\" style=\"height: 24px;\">\n<td style=\"height: 24px;\"><strong>Strips \u015aredni 15szt.<\/strong><\/td>\n<td style=\"text-align: right; height: 24px;\"><strong>45,00<\/strong><\/td>\n<\/tr>\n<tr class=\"pozycja-tabela\" style=\"height: 24px;\">\n<td style=\"height: 24px;\"><strong>Strips Du\u017cy 25szt.<\/strong><\/td>\n<td style=\"text-align: right; height: 24px;\"><strong>75,00<\/strong><\/td>\n<\/tr>\n<tr class=\"pozycja-tabela\" style=\"height: 24px;\">\n<td style=\"height: 24px;\"><strong>Skrzyde\u0142ka Ma\u0142e 15szt.<\/strong><\/td>\n<td style=\"text-align: right; height: 24px;\"><strong>32,00<\/strong><\/td>\n<\/tr>\n<tr class=\"pozycja-tabela\" style=\"height: 24px;\">\n<td style=\"height: 24px;\"><strong>Skrzyde\u0142ka \u015arednie 30szt.<\/strong><\/td>\n<td style=\"text-align: right; height: 24px;\"><strong>54,00<\/strong><\/td>\n<\/tr>\n<tr class=\"pozycja-tabela\" style=\"height: 24px;\">\n<td style=\"height: 24px;\"><strong>Skrzyde\u0142ka Du\u017ce 45szt.<\/strong><\/td>\n<td style=\"text-align: right; height: 24px;\"><strong>75,00<\/strong><\/td>\n<\/tr>\n<tr class=\"pozycja-tabela\" style=\"height: 24px;\">\n<td style=\"height: 24px;\"><strong>Kube\u0142ek MIX &#8211; 6 Strips\u00f3w, 8 Skrzyde\u0142ek<\/strong><\/td>\n<td style=\"text-align: right; height: 24px;\"><strong>34,00<\/strong><\/td>\n<\/tr>\n<tr>\n<td><strong>Kube\u0142ek MIX Du\u017cy &#8211; 8 Strips\u00f3w, 12 Skrzyde\u0142ek<\/strong><\/td>\n<td style=\"text-align: right;\"><strong>48,00<br \/>\n<\/strong><\/td>\n<\/tr>\n<tr>\n<td><strong>Box 4 Skrzyde\u0142ka + frytki<br \/>\n<\/strong><\/td>\n<td style=\"text-align: right;\"><strong>17,00<br \/>\n<\/strong><\/td>\n<\/tr>\n<tr>\n<td><strong>Box 4 Stripsy + frytki<\/strong><\/td>\n<td style=\"text-align: right;\"><strong>21,00<br \/>\n<\/strong><\/td>\n<\/tr>\n<tr>\n<td><strong>Box Special 2 Stripsy, 2 Skrzyde\u0142ka + frytki<br \/>\n<\/strong><\/td>\n<td style=\"text-align: right;\"><strong>19,00<br \/>\n<\/strong><\/td>\n<\/tr>\n<tr>\n<td><strong>ChickenBurger<br \/>\n<\/strong><\/td>\n<td style=\"text-align: right;\"><strong>17,00<br \/>\n<\/strong><\/td>\n<\/tr>\n<\/tbody>\n<\/table>\n<p style=\"text-align: center;\"><em>sosy ( piri-piri, meksyka\u0144ski, BBQ, serowy, remulada, czosnkowy, ketchup) &#8211; 1,00 z\u0142<\/em><\/p>\n<table class=\"tabela-menu\">\n<tbody>\n<tr class=\"pozycja-tabela\">\n<td>Hamburger<\/td>\n<td style=\"text-align: right;\">10,00<\/td>\n<\/tr>\n<tr class=\"pozycja-tabela\">\n<td>Cheeseburger<\/td>\n<td style=\"text-align: right;\">12,00<\/td>\n<\/tr>\n<tr class=\"pozycja-tabela\">\n<td>Frytki<\/td>\n<td style=\"text-align: right;\">9,00<\/td>\n<\/tr>\n<tr class=\"pozycja-tabela\">\n<td>Frytki du\u017ce<\/td>\n<td style=\"text-align: right;\">15,00<\/td>\n<\/tr>\n<tr class=\"pozycja-tabela\">\n<td>Frytki z serem ma\u0142e<\/td>\n<td style=\"text-align: right;\">11,00<\/td>\n<\/tr>\n<tr>\n<td>Frytki z serem du\u017ce<\/td>\n<td style=\"text-align: right;\">17,00<\/td>\n<\/tr>\n<tr class=\"pozycja-tabela\">\n<td>Hamburger, frytki, Pepsi 0,3l<\/td>\n<td style=\"text-align: right;\">25,00<\/td>\n<\/tr>\n<tr class=\"pozycja-tabela\">\n<td>Cheeseburger, frytki, Pepsi 0,3l<\/td>\n<td style=\"text-align: right;\">27,00<\/td>\n<\/tr>\n<\/tbody>\n<\/table>\n<p>&nbsp;<\/p>\n<table class=\"tabela-menu\">\n<tbody>\n<tr class=\"pozycja-tabela\">\n<td>Zapiekanka<\/td>\n<td style=\"text-align: right;\">14,00<\/td>\n<\/tr>\n<tr class=\"pozycja-tabela\">\n<td>Zapiekanka z szynk\u0105<\/td>\n<td style=\"text-align: right;\">16,00<\/td>\n<\/tr>\n<tr class=\"pozycja-tabela\">\n<td>Zapiekanka z kurczakiem<\/td>\n<td style=\"text-align: right;\">16,00<\/td>\n<\/tr>\n<tr class=\"pozycja-tabela\">\n<td>Zapiekanka z salami<\/td>\n<td style=\"text-align: right;\">16,00<\/td>\n<\/tr>\n<tr class=\"pozycja-tabela\">\n<td>Zapiekanka z warzywami<\/td>\n<td style=\"text-align: right;\">16,00<\/td>\n<\/tr>\n<\/tbody>\n<\/table>\n<p style=\"text-align: center;\">Opakowanie na wynos : 1,00 z\u0142 &#8211; ma\u0142e , 2,00 z\u0142 &#8211; du\u017ce<\/p>\n<h3 style=\"text-align: center;\">NAPOJE:<\/h3>\n<table class=\"tabela-menu\" style=\"width: 100%; height: 207px;\">\n<tbody>\n<tr class=\"pozycja-tabela\" style=\"height: 23px;\">\n<td style=\"height: 23px;\">Pepsi 0,85l<\/td>\n<td style=\"text-align: right; height: 23px;\">12,00<\/td>\n<\/tr>\n<tr class=\"pozycja-tabela\" style=\"height: 23px;\">\n<td style=\"height: 23px;\">Pepsi 0,5l<\/td>\n<td style=\"text-align: right; height: 23px;\">9,00<\/td>\n<\/tr>\n<tr class=\"pozycja-tabela\" style=\"height: 23px;\">\n<td style=\"height: 23px;\">Pepsi 0,33l<\/td>\n<td style=\"text-align: right; height: 23px;\">7,00<\/td>\n<\/tr>\n<tr class=\"pozycja-tabela\" style=\"height: 23px;\">\n<td style=\"height: 23px;\">Pepsi 0,2l<\/td>\n<td style=\"text-align: right; height: 23px;\">6,00<\/td>\n<\/tr>\n<tr class=\"pozycja-tabela\" style=\"height: 46px;\">\n<td style=\"height: 46px;\">Tymbark 0,5 but.<br \/>\n<span style=\"font-size: 8pt;\">(jab\u0142ko-mi\u0119ta, jab\u0142ko-brzoskwinia, jab\u0142ko-wi\u015bnia, pomara\u0144cza-brzoskwinia<span style=\"font-family: inherit;\">)<\/span><\/span><\/td>\n<td style=\"text-align: right; height: 46px;\">7,00<\/td>\n<\/tr>\n<tr class=\"pozycja-tabela\" style=\"height: 23px;\">\n<td style=\"height: 23px;\">Woda Mineralna Cisowianka Gaz\/Niegaz<\/td>\n<td style=\"text-align: right; height: 23px;\">5,00<\/td>\n<\/tr>\n<tr class=\"pozycja-tabela\" style=\"height: 23px;\">\n<td style=\"height: 23px;\">Herbata z Cytryn\u0105<\/td>\n<td style=\"text-align: right; height: 23px;\">5,00<\/td>\n<\/tr>\n<tr class=\"pozycja-tabela\" style=\"height: 23px;\">\n<td style=\"height: 23px;\">Kawa Rozpuszczalna \/ Parzona<\/td>\n<td style=\"text-align: right; height: 23px;\">6,00<\/td>\n<\/tr>\n<tr>\n<td>Tarczyn 0,3l<\/td>\n<td style=\"text-align: right;\">5,00<\/td>\n<\/tr>\n<\/tbody>\n<\/table>\n<h3>&nbsp;<\/h3>\n<p>&nbsp;<\/p>\n<p style=\"text-align: center;\"><strong>Dow\u00f3z na terenie miasta Alwernia \u2013 Bezp\u0142atny. Poza Alwerni\u0105 \u2013 6 z\u0142.<\/strong><br \/>\nCena dalekich dowoz\u00f3w poza gmin\u0119 Alwernia uzale\u017cniona jest od kosztu zam\u00f3wienia.<\/p>\n<p style=\"text-align: center;\">Do ka\u017cdego zam\u00f3wienia na dow\u00f3z nale\u017cy doliczy\u0107 cen\u0119 opakowania.<\/p>\n","protected":false},"excerpt":{"rendered":"<p>&nbsp; GOR\u0104CE POSI\u0141KI &nbsp; &nbsp; Strips Ma\u0142y 10szt. 34,00 Strips \u015aredni 15szt. 45,00 Strips Du\u017cy 25szt. 75,00 Skrzyde\u0142ka Ma\u0142e 15szt. 32,00 Skrzyde\u0142ka \u015arednie 30szt. 54,00 Skrzyde\u0142ka Du\u017ce 45szt. 75,00 Kube\u0142ek MIX &#8211; 6 Strips\u00f3w, 8 Skrzyde\u0142ek 34,00 Kube\u0142ek MIX Du\u017cy &#8211; 8 Strips\u00f3w, 12 Skrzyde\u0142ek 48,00 Box 4 Skrzyde\u0142ka + frytki 17,00 Box 4 Stripsy &hellip; <\/p>\n<p class=\"link-more\"><a href=\"https:\/\/pizzeriaramzes.pl\/?page_id=52\" class=\"more-link\">Read More<span class=\"screen-reader-text\"> &#8222;Menu&#8221;<\/span><\/a><\/p>\n","protected":false},"author":1,"featured_media":0,"parent":0,"menu_order":0,"comment_status":"closed","ping_status":"closed","template":"templeat-full-width.php","meta":{"_acf_changed":false,"ngg_post_thumbnail":0,"footnotes":""},"class_list":["post-52","page","type-page","status-publish","hentry"],"acf":[],"_links":{"self":[{"href":"https:\/\/pizzeriaramzes.pl\/index.php?rest_route=\/wp\/v2\/pages\/52","targetHints":{"allow":["GET"]}}],"collection":[{"href":"https:\/\/pizzeriaramzes.pl\/index.php?rest_route=\/wp\/v2\/pages"}],"about":[{"href":"https:\/\/pizzeriaramzes.pl\/index.php?rest_route=\/wp\/v2\/types\/page"}],"author":[{"embeddable":true,"href":"https:\/\/pizzeriaramzes.pl\/index.php?rest_route=\/wp\/v2\/users\/1"}],"replies":[{"embeddable":true,"href":"https:\/\/pizzeriaramzes.pl\/index.php?rest_route=%2Fwp%2Fv2%2Fcomments&post=52"}],"version-history":[{"count":59,"href":"https:\/\/pizzeriaramzes.pl\/index.php?rest_route=\/wp\/v2\/pages\/52\/revisions"}],"predecessor-version":[{"id":422,"href":"https:\/\/pizzeriaramzes.pl\/index.php?rest_route=\/wp\/v2\/pages\/52\/revisions\/422"}],"wp:attachment":[{"href":"https:\/\/pizzeriaramzes.pl\/index.php?rest_route=%2Fwp%2Fv2%2Fmedia&parent=52"}],"curies":[{"name":"wp","href":"https:\/\/api.w.org\/{rel}","templated":true}]}}