{"id":22,"date":"2018-05-08T16:53:53","date_gmt":"2018-05-08T16:53:53","guid":{"rendered":"http:\/\/pizzeriaramzes.pl\/?page_id=22"},"modified":"2025-04-03T09:10:08","modified_gmt":"2025-04-03T09:10:08","slug":"pizza","status":"publish","type":"page","link":"https:\/\/pizzeriaramzes.pl\/?page_id=22","title":{"rendered":"Pizza"},"content":{"rendered":"<table class=\"tabela-pizza\" style=\"width: 100%; height: 2033px;\">\n<tbody>\n<tr style=\"height: 46px;\">\n<td style=\"height: 46px;\" colspan=\"5\" width=\"100%\"><em>Ka\u017cda pizza zawiera:<\/em><br \/>\n<em>sos pomidorowy, ser (gouda typu holenderskiego \u201eMSM Mo\u0144ki\u201d), oregano<\/em><\/td>\n<\/tr>\n<tr style=\"height: 101px;\">\n<td style=\"height: 101px;\">\n<h2>PIZZA<\/h2>\n<\/td>\n<td style=\"height: 101px;\">\n<h3 style=\"text-align: center;\">ma\u0142a<\/h3>\n<p style=\"text-align: center; margin: 0;\">23 cm<\/p>\n<\/td>\n<td style=\"text-align: center; height: 101px;\">\n<h3>\u015brednia<\/h3>\n<p style=\"text-align: center; margin: 0;\">28 cm<\/p>\n<\/td>\n<td style=\"text-align: center; height: 101px;\">\n<h3>du\u017ca<\/h3>\n<p style=\"text-align: center; margin: 0;\">34 cm<\/p>\n<\/td>\n<td style=\"height: 101px;\">\n<h3 style=\"text-align: center;\">mega<\/h3>\n<p style=\"text-align: center; margin: 0;\">48 cm<\/p>\n<\/td>\n<\/tr>\n<tr class=\"pozycja-tabela\" style=\"height: 69px;\">\n<td style=\"height: 69px;\">\n<h3>1. MARGHERITA<\/h3>\n<\/td>\n<td style=\"height: 69px;\">\n<h3 style=\"text-align: center;\">22,00<\/h3>\n<\/td>\n<td style=\"text-align: center; height: 69px;\">\n<h3>25,00<\/h3>\n<\/td>\n<td style=\"text-align: center; height: 69px;\">\n<h3>31,00<\/h3>\n<\/td>\n<td style=\"height: 69px;\">\n<h3 style=\"text-align: center;\">43,00<\/h3>\n<\/td>\n<\/tr>\n<tr style=\"height: 23px;\">\n<td style=\"height: 23px;\" colspan=\"5\" width=\"100%\">&nbsp;<\/td>\n<\/tr>\n<tr class=\"pozycja-tabela\" style=\"height: 69px;\">\n<td style=\"height: 69px;\">\n<h3>2. PIECZARKOWA<\/h3>\n<\/td>\n<td style=\"height: 69px;\">\n<h3 style=\"text-align: center;\">23,00<\/h3>\n<\/td>\n<td style=\"text-align: center; height: 69px;\">\n<h3>26,00<\/h3>\n<\/td>\n<td style=\"text-align: center; height: 69px;\">\n<h3>32,00<\/h3>\n<\/td>\n<td style=\"height: 69px;\">\n<h3 style=\"text-align: center;\">44,00<\/h3>\n<\/td>\n<\/tr>\n<tr style=\"height: 23px;\">\n<td style=\"height: 23px;\" colspan=\"5\" width=\"100%\">pieczarki<\/td>\n<\/tr>\n<tr class=\"pozycja-tabela\" style=\"height: 69px;\">\n<td style=\"height: 69px;\">\n<h3>3. ROMANTICA<\/h3>\n<\/td>\n<td style=\"height: 69px;\">\n<h3 style=\"text-align: center;\">24,00<\/h3>\n<\/td>\n<td style=\"text-align: center; height: 69px;\">\n<h3>28,00<\/h3>\n<\/td>\n<td style=\"text-align: center; height: 69px;\">\n<h3>33,00<\/h3>\n<\/td>\n<td style=\"height: 69px;\">\n<h3 style=\"text-align: center;\">45,00<\/h3>\n<\/td>\n<\/tr>\n<tr style=\"height: 23px;\">\n<td style=\"height: 23px;\" colspan=\"5\" width=\"100%\">pieczarki, szynka<\/td>\n<\/tr>\n<tr class=\"pozycja-tabela\" style=\"height: 69px;\">\n<td style=\"height: 69px;\">\n<h3>4. SALAMI<\/h3>\n<\/td>\n<td style=\"height: 69px;\">\n<h3 style=\"text-align: center;\">25,00<\/h3>\n<\/td>\n<td style=\"text-align: center; height: 69px;\">\n<h3>29,00<\/h3>\n<\/td>\n<td style=\"text-align: center; height: 69px;\">\n<h3>34,00<\/h3>\n<\/td>\n<td style=\"height: 69px;\">\n<h3 style=\"text-align: center;\">47,00<\/h3>\n<\/td>\n<\/tr>\n<tr style=\"height: 23px;\">\n<td style=\"height: 23px;\" colspan=\"5\" width=\"100%\">pieczarki, salami<\/td>\n<\/tr>\n<tr class=\"pozycja-tabela\" style=\"height: 69px;\">\n<td style=\"height: 69px;\">\n<h3>5. WEGETARIA\u0143SKA<\/h3>\n<\/td>\n<td style=\"height: 69px;\">\n<h3 style=\"text-align: center;\">24,00<\/h3>\n<\/td>\n<td style=\"text-align: center; height: 69px;\">\n<h3>31,00<\/h3>\n<\/td>\n<td style=\"text-align: center; height: 69px;\">\n<h3>37,00<\/h3>\n<\/td>\n<td style=\"height: 69px;\">\n<h3 style=\"text-align: center;\">47,00<\/h3>\n<\/td>\n<\/tr>\n<tr style=\"height: 23px;\">\n<td style=\"height: 23px;\" colspan=\"5\" width=\"100%\">pieczarki, cebula, oliwki, kukurydza, papryka, groszek<\/td>\n<\/tr>\n<tr class=\"pozycja-tabela\" style=\"height: 69px;\">\n<td style=\"height: 69px;\">\n<h3>6. WIEJSKA<\/h3>\n<\/td>\n<td style=\"height: 69px;\">\n<h3 style=\"text-align: center;\">27,00<\/h3>\n<\/td>\n<td style=\"text-align: center; height: 69px;\">\n<h3>31,00<\/h3>\n<\/td>\n<td style=\"text-align: center; height: 69px;\">\n<h3>38,00<\/h3>\n<\/td>\n<td style=\"height: 69px;\">\n<h3 style=\"text-align: center;\">49,00<\/h3>\n<\/td>\n<\/tr>\n<tr style=\"height: 23px;\">\n<td style=\"height: 23px;\" colspan=\"5\" width=\"100%\">pieczarki, boczek, cebula, kie\u0142basa<\/td>\n<\/tr>\n<tr class=\"pozycja-tabela\" style=\"height: 69px;\">\n<td style=\"height: 69px;\">\n<h3>7. AMERICANA<\/h3>\n<\/td>\n<td style=\"height: 69px;\">\n<h3 style=\"text-align: center;\">27,00<\/h3>\n<\/td>\n<td style=\"text-align: center; height: 69px;\">\n<h3>31,00<\/h3>\n<\/td>\n<td style=\"text-align: center; height: 69px;\">\n<h3>38,00<\/h3>\n<\/td>\n<td style=\"height: 69px;\">\n<h3 style=\"text-align: center;\">50,00<\/h3>\n<\/td>\n<\/tr>\n<tr style=\"height: 23px;\">\n<td style=\"height: 23px;\" colspan=\"5\" width=\"100%\">pieczarki, szynka, papryka, kukurydza<\/td>\n<\/tr>\n<tr class=\"pozycja-tabela\" style=\"height: 69px;\">\n<td style=\"height: 69px;\">\n<h3>8. HAITA\u0143SKA<\/h3>\n<\/td>\n<td style=\"height: 69px;\">\n<h3 style=\"text-align: center;\">27,00<\/h3>\n<\/td>\n<td style=\"text-align: center; height: 69px;\">\n<h3>33,00<\/h3>\n<\/td>\n<td style=\"text-align: center; height: 69px;\">\n<h3>39,00<\/h3>\n<\/td>\n<td style=\"height: 69px;\">\n<h3 style=\"text-align: center;\">50,00<\/h3>\n<\/td>\n<\/tr>\n<tr style=\"height: 23px;\">\n<td style=\"height: 23px;\" colspan=\"5\" width=\"100%\">pieczarki, ananas, kukurydza, boczek<\/td>\n<\/tr>\n<tr class=\"pozycja-tabela\" style=\"height: 69px;\">\n<td style=\"height: 69px;\">\n<h3>9. MARYNARSKA<\/h3>\n<\/td>\n<td style=\"height: 69px;\">\n<h3 style=\"text-align: center;\">25,00<\/h3>\n<\/td>\n<td style=\"text-align: center; height: 69px;\">\n<h3>29,00<\/h3>\n<\/td>\n<td style=\"text-align: center; height: 69px;\">\n<h3>34,00<\/h3>\n<\/td>\n<td style=\"height: 69px;\">\n<h3 style=\"text-align: center;\">47,00<\/h3>\n<\/td>\n<\/tr>\n<tr style=\"height: 23px;\">\n<td style=\"height: 23px;\" colspan=\"5\" width=\"100%\">pieczarki, tu\u0144czyk, oliwki<\/td>\n<\/tr>\n<tr class=\"pozycja-tabela\" style=\"height: 69px;\">\n<td style=\"height: 69px;\">\n<h3>10. FARMERSKA<\/h3>\n<\/td>\n<td style=\"height: 69px;\">\n<h3 style=\"text-align: center;\">30,00<\/h3>\n<\/td>\n<td style=\"text-align: center; height: 69px;\">\n<h3>33,00<\/h3>\n<\/td>\n<td style=\"text-align: center; height: 69px;\">\n<h3>40,00<\/h3>\n<\/td>\n<td style=\"height: 69px;\">\n<h3 style=\"text-align: center;\">52,00<\/h3>\n<\/td>\n<\/tr>\n<tr style=\"height: 23px;\">\n<td style=\"height: 23px;\" colspan=\"5\" width=\"100%\">pieczarki, kurczak, groszek<\/td>\n<\/tr>\n<tr class=\"pozycja-tabela\" style=\"height: 69px;\">\n<td style=\"height: 69px;\">\n<h3>11. DIABELSKA<\/h3>\n<\/td>\n<td style=\"height: 69px;\">\n<h3 style=\"text-align: center;\">26,00<\/h3>\n<\/td>\n<td style=\"text-align: center; height: 69px;\">\n<h3>32,00<\/h3>\n<\/td>\n<td style=\"text-align: center; height: 69px;\">\n<h3>39,00<\/h3>\n<\/td>\n<td style=\"height: 69px;\">\n<h3 style=\"text-align: center;\">51,00<\/h3>\n<\/td>\n<\/tr>\n<tr style=\"height: 23px;\">\n<td style=\"height: 23px;\" colspan=\"5\" width=\"100%\">pieczarki, salami, cebula, tabasco<\/td>\n<\/tr>\n<tr class=\"pozycja-tabela\" style=\"height: 69px;\">\n<td style=\"height: 69px;\">\n<h3>12. RAMZES<\/h3>\n<\/td>\n<td style=\"height: 69px;\">\n<h3 style=\"text-align: center;\">29,00<\/h3>\n<\/td>\n<td style=\"text-align: center; height: 69px;\">\n<h3>35,00<\/h3>\n<\/td>\n<td style=\"text-align: center; height: 69px;\">\n<h3>43,00<\/h3>\n<\/td>\n<td style=\"height: 69px;\">\n<h3 style=\"text-align: center;\">56,00<\/h3>\n<\/td>\n<\/tr>\n<tr style=\"height: 23px;\">\n<td style=\"height: 23px;\" colspan=\"5\" width=\"100%\">pieczarki, szynka, boczek, salami, groszek, kukurydza, oliwki<\/td>\n<\/tr>\n<tr class=\"pozycja-tabela\" style=\"height: 69px;\">\n<td style=\"height: 69px;\">\n<h3>13. GUSTO ROSSO<\/h3>\n<\/td>\n<td style=\"height: 69px;\">\n<h3 style=\"text-align: center;\">32,00<\/h3>\n<\/td>\n<td style=\"text-align: center; height: 69px;\">\n<h3>37,00<\/h3>\n<\/td>\n<td style=\"text-align: center; height: 69px;\">\n<h3>41,00<\/h3>\n<\/td>\n<td style=\"height: 69px;\">\n<h3 style=\"text-align: center;\">50,00<\/h3>\n<\/td>\n<\/tr>\n<tr style=\"height: 23px;\">\n<td style=\"height: 23px;\" colspan=\"5\" width=\"100%\">pieczarki, salami, suszone pomidory, pomidorki koktajlowe, rukola<\/td>\n<\/tr>\n<tr class=\"pozycja-tabela\" style=\"height: 69px;\">\n<td style=\"height: 69px;\">\n<h3>14. PIZZA XXL<\/h3>\n<\/td>\n<td style=\"height: 69px;\">\n<h3 style=\"text-align: center;\">37,00<\/h3>\n<\/td>\n<td style=\"text-align: center; height: 69px;\">\n<h3>41,00<\/h3>\n<\/td>\n<td style=\"text-align: center; height: 69px;\">\n<h3>50,00<\/h3>\n<\/td>\n<td style=\"height: 69px;\">\n<h3 style=\"text-align: center;\">64,00<\/h3>\n<\/td>\n<\/tr>\n<tr style=\"height: 23px;\">\n<td style=\"height: 23px;\" colspan=\"5\" width=\"100%\">podw\u00f3jny ser, pieczarki, szynka, salami, kie\u0142basa, boczek, papryka, oliwki<\/td>\n<\/tr>\n<tr class=\"pozycja-tabela\" style=\"height: 69px;\">\n<td style=\"height: 69px;\">\n<h3>15. PIZZA SEROWA<\/h3>\n<\/td>\n<td style=\"height: 69px;\">\n<h3 style=\"text-align: center;\">27,00<\/h3>\n<\/td>\n<td style=\"text-align: center; height: 69px;\">\n<h3>31,00<\/h3>\n<\/td>\n<td style=\"text-align: center; height: 69px;\">\n<h3>37,00<\/h3>\n<\/td>\n<td style=\"height: 69px;\">\n<h3 style=\"text-align: center;\">44,00<\/h3>\n<\/td>\n<\/tr>\n<tr style=\"height: 23px;\">\n<td style=\"height: 23px;\" colspan=\"5\" width=\"100%\">ser 4 rodzaje \u2013 mozzarella, ple\u015bniowy, gouda, parmezan<\/td>\n<\/tr>\n<tr class=\"pozycja-tabela\" style=\"height: 69px;\">\n<td style=\"height: 69px;\">\n<h3>16. BROCCOLI<\/h3>\n<\/td>\n<td style=\"height: 69px;\">\n<h3 style=\"text-align: center;\">31,00<\/h3>\n<\/td>\n<td style=\"text-align: center; height: 69px;\">\n<h3>36,00<\/h3>\n<\/td>\n<td style=\"text-align: center; height: 69px;\">\n<h3>42,00<\/h3>\n<\/td>\n<td style=\"height: 69px;\">\n<h3 style=\"text-align: center;\">52,00<\/h3>\n<\/td>\n<\/tr>\n<tr style=\"height: 23px;\">\n<td style=\"height: 23px;\" colspan=\"5\" width=\"100%\">pieczarki, kurczak, czerwona cebula, broku\u0142<\/td>\n<\/tr>\n<tr class=\"pozycja-tabela\" style=\"height: 69px;\">\n<td style=\"height: 69px;\">\n<h3>17. HAVAI<\/h3>\n<\/td>\n<td style=\"height: 69px;\">\n<h3 style=\"text-align: center;\">30,00<\/h3>\n<\/td>\n<td style=\"text-align: center; height: 69px;\">\n<h3>36,00<\/h3>\n<\/td>\n<td style=\"text-align: center; height: 69px;\">\n<h3>43,00<\/h3>\n<\/td>\n<td style=\"height: 69px;\">\n<h3 style=\"text-align: center;\">54,00<\/h3>\n<\/td>\n<\/tr>\n<tr style=\"height: 23px;\">\n<td style=\"height: 23px;\" colspan=\"5\" width=\"100%\">pieczarki, kurczak, ananas, kukurydza<\/td>\n<\/tr>\n<tr class=\"pozycja-tabela\" style=\"height: 69px;\">\n<td style=\"height: 69px;\">\n<h3>18. RUCOLA<\/h3>\n<\/td>\n<td style=\"height: 69px;\">\n<h3 style=\"text-align: center;\">31,00<\/h3>\n<\/td>\n<td style=\"text-align: center; height: 69px;\">\n<h3>36,00<\/h3>\n<\/td>\n<td style=\"text-align: center; height: 69px;\">\n<h3>40,00<\/h3>\n<\/td>\n<td style=\"height: 69px;\">\n<h3 style=\"text-align: center;\">49,00<\/h3>\n<\/td>\n<\/tr>\n<tr style=\"height: 23px;\">\n<td style=\"height: 23px;\" colspan=\"5\" width=\"100%\">pieczarki, szynka prosciutto, rukola, pomidorki koktajlowe<\/td>\n<\/tr>\n<tr class=\"pozycja-tabela\" style=\"height: 69px;\">\n<td style=\"height: 69px;\">\n<h3>19. PIEKIELNA<\/h3>\n<\/td>\n<td style=\"height: 69px;\">\n<h3 style=\"text-align: center;\">30,00<\/h3>\n<\/td>\n<td style=\"text-align: center; height: 69px;\">\n<h3>35,00<\/h3>\n<\/td>\n<td style=\"text-align: center; height: 69px;\">\n<h3>39,00<\/h3>\n<\/td>\n<td style=\"height: 69px;\">\n<h3 style=\"text-align: center;\">48,00<\/h3>\n<\/td>\n<\/tr>\n<tr style=\"height: 23px;\">\n<td style=\"height: 23px;\" colspan=\"5\" width=\"100%\">pieczarki, szynka, salami, czerwona cebula, habanero<\/td>\n<\/tr>\n<tr class=\"pozycja-tabela\" style=\"height: 69px;\">\n<td style=\"height: 69px;\">\n<h3>20. FANTAZJA<\/h3>\n<\/td>\n<td style=\"height: 69px;\">\n<h3 style=\"text-align: center;\">35,00<\/h3>\n<\/td>\n<td style=\"text-align: center; height: 69px;\">\n<h3>38,00<\/h3>\n<\/td>\n<td style=\"text-align: center; height: 69px;\">\n<h3>49,00<\/h3>\n<\/td>\n<td style=\"height: 69px;\">\n<h3 style=\"text-align: center;\">63,00<\/h3>\n<\/td>\n<\/tr>\n<tr style=\"height: 23px;\">\n<td style=\"height: 23px;\" colspan=\"5\" width=\"100%\">&nbsp;kompozycja w\u0142asna z wybranych 5 sk\u0142adnik\u00f3w<\/td>\n<\/tr>\n<\/tbody>\n<\/table>\n<p>&nbsp;<\/p>\n<table class=\"tabela-pizza\">\n<tbody>\n<tr>\n<td colspan=\"5\" width=\"100%\">&nbsp;<\/td>\n<\/tr>\n<tr>\n<td>\n<h3>DODATKI<\/h3>\n<\/td>\n<td>\n<h3 style=\"text-align: center;\">ma\u0142a<\/h3>\n<\/td>\n<td style=\"text-align: center;\">\n<h3>\u015brednia<\/h3>\n<\/td>\n<td style=\"text-align: center;\">\n<h3>du\u017ca<\/h3>\n<\/td>\n<td>\n<h3 style=\"text-align: center;\">mega<\/h3>\n<\/td>\n<\/tr>\n<tr class=\"pozycja-tabela\">\n<td>pieczarki, czosnek, kukurydza, papryka,<br \/>\ngroszek, og\u00f3rek kiszony, ananas, oliwki, jajko<\/td>\n<td style=\"text-align: center;\"><span style=\"color: #c23325;\">5,00<\/span><\/td>\n<td style=\"text-align: center;\"><span style=\"color: #c23325;\">6,00<\/span><\/td>\n<td style=\"text-align: center;\"><span style=\"color: #c23325;\">7,00<\/span><\/td>\n<td style=\"text-align: center;\"><span style=\"color: #c23325;\">8,00<\/span><\/td>\n<\/tr>\n<tr class=\"pozycja-tabela\">\n<td>szynka, kie\u0142basa, kurczak, boczek,<br \/>\ntu\u0144czyk, salami, szynka prosciutto<\/td>\n<td style=\"text-align: center;\"><span style=\"color: #c23325;\">7,00<\/span><\/td>\n<td style=\"text-align: center;\"><span style=\"color: #c23325;\">8,00<\/span><\/td>\n<td style=\"text-align: center;\"><span style=\"color: #c23325;\">9,00<\/span><\/td>\n<td style=\"text-align: center;\"><span style=\"color: #c23325;\">10,00<\/span><\/td>\n<\/tr>\n<tr class=\"pozycja-tabela\">\n<td>ketchup, majonez, sos (czosnkowy,meksyka\u0144ski, piri-piri, s\u0142odkie chili, serowe chili), oliwa&nbsp;<\/td>\n<td style=\"text-align: center;\"><span style=\"color: #c23325;\">3,00<\/span><\/td>\n<td style=\"text-align: center;\"><span style=\"color: #c23325;\">3,00<\/span><\/td>\n<td style=\"text-align: center;\"><span style=\"color: #c23325;\">4,00<\/span><\/td>\n<td style=\"text-align: center;\"><span style=\"color: #c23325;\">4,00<\/span><\/td>\n<\/tr>\n<tr class=\"pozycja-tabela\">\n<td>opakowanie na wynos<\/td>\n<td style=\"text-align: center;\"><span style=\"color: #c23325;\">3,00<\/span><\/td>\n<td style=\"text-align: center;\"><span style=\"color: #c23325;\">3,00<\/span><\/td>\n<td style=\"text-align: center;\"><span style=\"color: #c23325;\">4,00<\/span><\/td>\n<td style=\"text-align: center;\"><span style=\"color: #c23325;\">4,00<\/span><\/td>\n<\/tr>\n<tr class=\"pozycja-tabela\">\n<td>podw\u00f3jny SER (gouda typu holenderskiego \u201eMSM Mo\u0144ki\u201d)<\/td>\n<td style=\"text-align: center;\"><span style=\"color: #c23325;\">7,00<\/span><\/td>\n<td style=\"text-align: center;\"><span style=\"color: #c23325;\">8,00<\/span><\/td>\n<td style=\"text-align: center;\"><span style=\"color: #c23325;\">10,00<\/span><\/td>\n<td style=\"text-align: center;\"><span style=\"color: #c23325;\">13,00<\/span><\/td>\n<\/tr>\n<\/tbody>\n<\/table>\n<p>&nbsp;<\/p>\n<p style=\"text-align: center;\"><strong>Dow\u00f3z na terenie miasta Alwernia &#8211; Bezp\u0142atny. Poza Alwerni\u0105 &#8211; 6 z\u0142.<\/strong><br \/>\nCena dalekich dowoz\u00f3w poza gmin\u0119 Alwernia uzale\u017cniona jest od kosztu zam\u00f3wienia.<\/p>\n<p style=\"text-align: center;\">Do ka\u017cdego zam\u00f3wienia na dow\u00f3z nale\u017cy doliczy\u0107 cen\u0119 opakowania.<\/p>\n","protected":false},"excerpt":{"rendered":"<p>Ka\u017cda pizza zawiera: sos pomidorowy, ser (gouda typu holenderskiego \u201eMSM Mo\u0144ki\u201d), oregano PIZZA ma\u0142a 23 cm \u015brednia 28 cm du\u017ca 34 cm mega 48 cm 1. MARGHERITA 22,00 25,00 31,00 43,00 &nbsp; 2. PIECZARKOWA 23,00 26,00 32,00 44,00 pieczarki 3. ROMANTICA 24,00 28,00 33,00 45,00 pieczarki, szynka 4. SALAMI 25,00 29,00 34,00 47,00 pieczarki, salami &hellip; <\/p>\n<p class=\"link-more\"><a href=\"https:\/\/pizzeriaramzes.pl\/?page_id=22\" class=\"more-link\">Read More<span class=\"screen-reader-text\"> &#8222;Pizza&#8221;<\/span><\/a><\/p>\n","protected":false},"author":1,"featured_media":0,"parent":0,"menu_order":0,"comment_status":"closed","ping_status":"closed","template":"templeat-full-width.php","meta":{"_acf_changed":false,"ngg_post_thumbnail":0,"footnotes":""},"class_list":["post-22","page","type-page","status-publish","hentry"],"acf":[],"_links":{"self":[{"href":"https:\/\/pizzeriaramzes.pl\/index.php?rest_route=\/wp\/v2\/pages\/22","targetHints":{"allow":["GET"]}}],"collection":[{"href":"https:\/\/pizzeriaramzes.pl\/index.php?rest_route=\/wp\/v2\/pages"}],"about":[{"href":"https:\/\/pizzeriaramzes.pl\/index.php?rest_route=\/wp\/v2\/types\/page"}],"author":[{"embeddable":true,"href":"https:\/\/pizzeriaramzes.pl\/index.php?rest_route=\/wp\/v2\/users\/1"}],"replies":[{"embeddable":true,"href":"https:\/\/pizzeriaramzes.pl\/index.php?rest_route=%2Fwp%2Fv2%2Fcomments&post=22"}],"version-history":[{"count":41,"href":"https:\/\/pizzeriaramzes.pl\/index.php?rest_route=\/wp\/v2\/pages\/22\/revisions"}],"predecessor-version":[{"id":417,"href":"https:\/\/pizzeriaramzes.pl\/index.php?rest_route=\/wp\/v2\/pages\/22\/revisions\/417"}],"wp:attachment":[{"href":"https:\/\/pizzeriaramzes.pl\/index.php?rest_route=%2Fwp%2Fv2%2Fmedia&parent=22"}],"curies":[{"name":"wp","href":"https:\/\/api.w.org\/{rel}","templated":true}]}}