{"id":20,"date":"2018-05-08T16:53:47","date_gmt":"2018-05-08T16:53:47","guid":{"rendered":"http:\/\/pizzeriaramzes.pl\/?page_id=20"},"modified":"2021-10-28T09:26:54","modified_gmt":"2021-10-28T09:26:54","slug":"strona-glowna","status":"publish","type":"page","link":"https:\/\/pizzeriaramzes.pl\/","title":{"rendered":"Strona g\u0142\u00f3wna"},"content":{"rendered":"<h2 style=\"text-align: center;\">Witamy w Pizzerii \u201eRamzes\u201d<\/h2>\n<p>Nieprzerwanie od ponad 15 lat pieczemy dla Was pizz\u0119 na najlepszym cie\u015bcie w okolicy. Staramy si\u0119 by ka\u017cda pizza smakowa\u0142a tak samo dobrze, jak setki tysi\u0119cy poprzednich. Stosujemy od lat jedn\u0105 sprawdzon\u0105 receptur\u0119, kt\u00f3r\u0105 udoskonalali\u015bmy przez d\u0142ugi czas. Korzystamy z us\u0142ug lokalnych dostawc\u00f3w, kt\u00f3rzy dostarczaj\u0105 nam swoje najlepsze produkty. Ser gouda typu Holenderskiego \u201emsm mo\u0144ki\u201d, wyselekcjonowane w\u0119dliny oraz \u015bwie\u017ce warzywa. Nasza pizza jest dobra na ka\u017cd\u0105 okazj\u0119 i o ka\u017cdej porze.<\/p>\n<p>&nbsp;<\/p>\n<p><img loading=\"lazy\" decoding=\"async\" class=\"alignnone size-full wp-image-384\" src=\"http:\/\/pizzeriaramzes.pl\/wp-content\/uploads\/2021\/10\/plansza-informacyjna-PFR-poziom.png\" alt=\"\" width=\"1790\" height=\"261\" srcset=\"https:\/\/pizzeriaramzes.pl\/wp-content\/uploads\/2021\/10\/plansza-informacyjna-PFR-poziom.png 1790w, https:\/\/pizzeriaramzes.pl\/wp-content\/uploads\/2021\/10\/plansza-informacyjna-PFR-poziom-300x44.png 300w, https:\/\/pizzeriaramzes.pl\/wp-content\/uploads\/2021\/10\/plansza-informacyjna-PFR-poziom-768x112.png 768w, https:\/\/pizzeriaramzes.pl\/wp-content\/uploads\/2021\/10\/plansza-informacyjna-PFR-poziom-1024x149.png 1024w\" sizes=\"auto, (max-width: 1790px) 100vw, 1790px\" \/><\/p>\n","protected":false},"excerpt":{"rendered":"<p>Witamy w Pizzerii \u201eRamzes\u201d Nieprzerwanie od ponad 15 lat pieczemy dla Was pizz\u0119 na najlepszym cie\u015bcie w okolicy. Staramy si\u0119 by ka\u017cda pizza smakowa\u0142a tak samo dobrze, jak setki tysi\u0119cy poprzednich. Stosujemy od lat jedn\u0105 sprawdzon\u0105 receptur\u0119, kt\u00f3r\u0105 udoskonalali\u015bmy przez d\u0142ugi czas. Korzystamy z us\u0142ug lokalnych dostawc\u00f3w, kt\u00f3rzy dostarczaj\u0105 nam swoje najlepsze produkty. Ser gouda &hellip; <\/p>\n<p class=\"link-more\"><a href=\"https:\/\/pizzeriaramzes.pl\/\" class=\"more-link\">Read More<span class=\"screen-reader-text\"> &#8222;Strona g\u0142\u00f3wna&#8221;<\/span><\/a><\/p>\n","protected":false},"author":1,"featured_media":0,"parent":0,"menu_order":0,"comment_status":"closed","ping_status":"closed","template":"","meta":{"_acf_changed":false,"ngg_post_thumbnail":0,"footnotes":""},"class_list":["post-20","page","type-page","status-publish","hentry"],"acf":[],"_links":{"self":[{"href":"https:\/\/pizzeriaramzes.pl\/index.php?rest_route=\/wp\/v2\/pages\/20","targetHints":{"allow":["GET"]}}],"collection":[{"href":"https:\/\/pizzeriaramzes.pl\/index.php?rest_route=\/wp\/v2\/pages"}],"about":[{"href":"https:\/\/pizzeriaramzes.pl\/index.php?rest_route=\/wp\/v2\/types\/page"}],"author":[{"embeddable":true,"href":"https:\/\/pizzeriaramzes.pl\/index.php?rest_route=\/wp\/v2\/users\/1"}],"replies":[{"embeddable":true,"href":"https:\/\/pizzeriaramzes.pl\/index.php?rest_route=%2Fwp%2Fv2%2Fcomments&post=20"}],"version-history":[{"count":6,"href":"https:\/\/pizzeriaramzes.pl\/index.php?rest_route=\/wp\/v2\/pages\/20\/revisions"}],"predecessor-version":[{"id":385,"href":"https:\/\/pizzeriaramzes.pl\/index.php?rest_route=\/wp\/v2\/pages\/20\/revisions\/385"}],"wp:attachment":[{"href":"https:\/\/pizzeriaramzes.pl\/index.php?rest_route=%2Fwp%2Fv2%2Fmedia&parent=20"}],"curies":[{"name":"wp","href":"https:\/\/api.w.org\/{rel}","templated":true}]}}